{"id":236,"date":"2021-02-20T08:38:06","date_gmt":"2021-02-20T07:38:06","guid":{"rendered":"https:\/\/somgestio.es\/?page_id=236"},"modified":"2022-05-20T14:26:39","modified_gmt":"2022-05-20T12:26:39","slug":"subministrament-llum-gas","status":"publish","type":"page","link":"https:\/\/somgestio.es\/ca\/subministrament-llum-gas\/","title":{"rendered":"Subministrament de llum i gas"},"content":{"rendered":"<p>[vc_row][vc_column][vc_column_text]<\/p>\n<p style=\"text-align: center;\">Creus que pagues de m\u00e9s per la factura? Est\u00e0s pensant a canviar de companyia?<br \/>\nSom Gesti\u00f3 t&#8217;ofereix un pla d&#8217;estalvi per a les instal\u00b7lacions de llum i gas.<\/p>\n<p>[\/vc_column_text][vc_empty_space height=&#8221;20px&#8221;][\/vc_column][\/vc_row][vc_row full_width=&#8221;stretch_row&#8221; gap=&#8221;25&#8243; css=&#8221;.vc_custom_1613806493431{background-color: #f7f7f7 !important;}&#8221;][vc_column][vc_empty_space height=&#8221;50px&#8221;][vc_row_inner][vc_column_inner width=&#8221;1\/2&#8243;][vc_custom_heading text=&#8221;Estalvi a la factura&#8221; use_theme_fonts=&#8221;yes&#8221;][vc_column_text]Som agents homolacs de la companyia Aldro Energ\u00eda, la comercialitzadora de mercat lliure per a subministrament de llum i gas amb m\u00e9s creixement des de l&#8217;any 2015.<\/p>\n<p>Companyia que destaca d&#8217;altres distribu\u00efdores de llum i gas per oferir tarifes d&#8217;estalvi enfocades a aquelles persones que utilitzen les instal\u00b7lacions de manera habitual. Tarifes de llum i gas amb preus que s&#8217;adeq\u00fcen segons la quantitat d&#8217;energia utilitzada i la pot\u00e8ncia.<\/p>\n<p>Comercialitzant subministraments per a Llars, Comunitats de Propietaris i PIMES.[\/vc_column_text][\/vc_column_inner][vc_column_inner width=&#8221;1\/2&#8243;][vc_single_image image=&#8221;238&#8243; img_size=&#8221;full&#8221; alignment=&#8221;center&#8221; style=&#8221;vc_box_shadow_3d&#8221;][\/vc_column_inner][\/vc_row_inner][vc_empty_space height=&#8221;12px&#8221;][vc_column_text]<\/p>\n<p style=\"text-align: justify;\">Una de les tarifes est\u00e0 enfocada a aquelles persones que solen fer servir indistintament les instal\u00b7lacions a qualsevol hora del dia, v\u00e0lida per als 365 dies de l&#8217;any. L&#8217;altra alternativa ofereix una soluci\u00f3 amb tarifa redu\u00efda a una franja hor\u00e0ria: a l&#8217;hivern, de 22 a 12 hores ia l&#8217;estiu de 23 a 13 hores.<\/p>\n<p>[\/vc_column_text][vc_empty_space][\/vc_column][\/vc_row][vc_row][vc_column][vc_empty_space][vc_custom_heading text=&#8221;Calcular estalvi en tarifes de gas i llum&#8221; use_theme_fonts=&#8221;yes&#8221;][vc_empty_space height=&#8221;12px&#8221;][vc_column_text]<\/p>\n<p style=\"text-align: justify;\">Com saber quant puc estalviar-me en canviar de companyia de llum i gas natural? Quin preu pagaria amb la tarifa nova? Si t&#8217;estaves preguntant aix\u00f2, ara mateix et pots assabentar. Al seu lloc web, Aldro Energ\u00eda ofereix un senzill sistema per <a href=\"https:\/\/aldroenergia.com\/calcula-tu-tarifa\/\" target=\"_blank\" rel=\"noopener\">calcular l&#8217;estalvi a la factura r\u00e0pidament<\/a>, responent un breu formulari.<\/p>\n<p style=\"text-align: justify;\">Nom\u00e9s haur\u00e0s de respondre algunes preguntes i dades sobre les caracter\u00edstiques del teu habitatge, els electrodom\u00e8stics, l&#8217;horari de major consum i la companyia el\u00e8ctrica amb qu\u00e8 tens contractats els teus serveis de llum i gas actualment.<\/p>\n<p>[\/vc_column_text][vc_empty_space][\/vc_column][\/vc_row][vc_row full_width=&#8221;stretch_row&#8221; css=&#8221;.vc_custom_1613675632054{margin-bottom: -70px !important;background-color: #6c98e1 !important;background-position: center !important;background-repeat: no-repeat !important;background-size: cover !important;}&#8221;][vc_column][vc_empty_space height=&#8221;70px&#8221;][vc_custom_heading text=&#8221;Contractar tarifa nova per a llum i gas&#8221; font_container=&#8221;tag:h2|text_align:center|color:%23ffffff&#8221; use_theme_fonts=&#8221;yes&#8221;][vc_column_text]<\/p>\n<p style=\"text-align: center; font-size: 16px; color: #fff;\">Som Gesti\u00f3 t&#8217;ofereix la possibilitat de canviar de companyia i contractar una tarifa de llum amb un <strong>pla d&#8217;estalvi i millors condicions<\/strong>. T&#8217;assessorem i facilitem tots els tr\u00e0mits: c\u00e0lcul de pot\u00e8ncia el\u00e8ctrica, canvi de titular, CUPS (Codi Universal del Punt de Subministrament) i, finalment i despr\u00e9s d&#8217;aportar les dades necess\u00e0ries corresponents, formalitzar els contractes i l&#8217;alta de la llum i gas.<br \/>\nA m\u00e9s d&#8217;obtenir un nou contracte de gas i de llum a Olesa de Montserrat i municipis propers, tamb\u00e9 oferim un servei integral de gesti\u00f3 de finques i comunitats. Un servei que inclou el subministrament el\u00e8ctric i de gas, sistemes de seguretat i alarmes, gesti\u00f3 i relacions amb assegurances, reparacions d&#8217;avaries i manteniment, aix\u00ed com serveis legals especialitzats per a finques i comunitats.<\/p>\n<p style=\"text-align: center; font-size: 16px; color: #fff;\">No paguis de m\u00e9s i comen\u00e7a a estalviar mes a mes en llum i gas. Contacta amb Som Gesti\u00f3 i t&#8217;informem.<\/p>\n<p>[\/vc_column_text][vc_empty_space height=&#8221;20px&#8221;][vc_btn title=&#8221;CONTACTA ARA&#8221; style=&#8221;custom&#8221; custom_background=&#8221;#025692&#8243; custom_text=&#8221;#ffffff&#8221; shape=&#8221;square&#8221; size=&#8221;lg&#8221; align=&#8221;center&#8221; button_block=&#8221;true&#8221; link=&#8221;url:%2Fca%2Fcontacte%2F&#8221;][vc_empty_space height=&#8221;70px&#8221;][\/vc_column][\/vc_row]<\/p>\n","protected":false},"excerpt":{"rendered":"<p>[vc_row][vc_column][vc_column_text] Creus que pagues de m\u00e9s per la factura? Est\u00e0s pensant a canviar de companyia? Som Gesti\u00f3 t&#8217;ofereix un pla d&#8217;estalvi per a les instal\u00b7lacions de llum i gas. [\/vc_column_text][vc_empty_space height=&#8221;20px&#8221;][\/vc_column][\/vc_row][vc_row full_width=&#8221;stretch_row&#8221; gap=&#8221;25&#8243; css=&#8221;.vc_custom_1613806493431{background-color: #f7f7f7 !important;}&#8221;][vc_column][vc_empty_space height=&#8221;50px&#8221;][vc_row_inner][vc_column_inner width=&#8221;1\/2&#8243;][vc_custom_heading text=&#8221;Estalvi a la factura&#8221; use_theme_fonts=&#8221;yes&#8221;][vc_column_text]Som agents homolacs de la companyia Aldro Energ\u00eda, la comercialitzadora de mercat lliure<\/p>\n","protected":false},"author":1,"featured_media":0,"parent":0,"menu_order":0,"comment_status":"closed","ping_status":"closed","template":"","meta":[],"aioseo_notices":[],"_links":{"self":[{"href":"https:\/\/somgestio.es\/ca\/wp-json\/wp\/v2\/pages\/236"}],"collection":[{"href":"https:\/\/somgestio.es\/ca\/wp-json\/wp\/v2\/pages"}],"about":[{"href":"https:\/\/somgestio.es\/ca\/wp-json\/wp\/v2\/types\/page"}],"author":[{"embeddable":true,"href":"https:\/\/somgestio.es\/ca\/wp-json\/wp\/v2\/users\/1"}],"replies":[{"embeddable":true,"href":"https:\/\/somgestio.es\/ca\/wp-json\/wp\/v2\/comments?post=236"}],"version-history":[{"count":10,"href":"https:\/\/somgestio.es\/ca\/wp-json\/wp\/v2\/pages\/236\/revisions"}],"predecessor-version":[{"id":537,"href":"https:\/\/somgestio.es\/ca\/wp-json\/wp\/v2\/pages\/236\/revisions\/537"}],"wp:attachment":[{"href":"https:\/\/somgestio.es\/ca\/wp-json\/wp\/v2\/media?parent=236"}],"curies":[{"name":"wp","href":"https:\/\/api.w.org\/{rel}","templated":true}]}}